{"id":6,"date":"2025-03-05T13:16:37","date_gmt":"2025-03-05T12:16:37","guid":{"rendered":"https:\/\/schuhkastl.at\/?page_id=6"},"modified":"2025-03-05T13:16:37","modified_gmt":"2025-03-05T12:16:37","slug":"datenschutzerklaerung","status":"publish","type":"page","link":"https:\/\/schuhkastl.at\/?page_id=6","title":{"rendered":"Datenschutzerkl\u00e4rung"},"content":{"rendered":"\n<ol class=\"wp-block-list\">\n<li>Rechtsgrundlage<br>Stand: 12.02.2019<br>1.1. Die EU-Datenschutz-Grundverordnung, das Datenschutzgesetz 2000 sowie das Datenschutz<br>Anpassungsgesetz 2018 dienen dem Recht auf Schutz personenbezogener Daten. Wir verarbeiten Ihre<br>Daten ausschlie\u00dflich auf Grundlage der gesetzlichen Bestimmungen (DSGVO, DSG 2018, TKG 2003).<\/li>\n\n\n\n<li>Grunds\u00e4tzliches<br>2.1. Verantwortlicher ist Viktoria Kastner, <\/li>\n\n\n\n<li>office@schuhkastl.at<br>2.2. Uns ist es ein besonderes Anliegen, alle personenbezogenen Daten, die Sie uns anvertrauen, zu<br>sch\u00fctzen und sicher zu verwahren. In diesem Dokument erfahren Sie mehr dar\u00fcber, wie wir Ihre<br>personenbezogenen Daten verwenden und verarbeiten.<\/li>\n\n\n\n<li>Zweckbindung, Rechtsgrundlage, Speicherdauer sowie Datenempf\u00e4nger<br>3.1. Die gesammelten personenbezogenen Daten ben\u00f6tigen wir f\u00fcr die Kommunikation mit unseren<br>Mitgliedern. Die Daten werden hierf\u00fcr erhoben, gespeichert, verarbeitet und genutzt.<br>3.2. Die rechtlichen Grundlagen f\u00fcr die Verarbeitung von Ihren personenbezogenen Daten sind<br>einerseits Vertragserf\u00fcllung (zB Onlineeinkauf), berechtigte Interessen, die Erf\u00fcllung unserer rechtlichen<br>bzw vertraglichen Verpflichtungen sowie andererseits Ihre Einwilligung (zB Kontaktformular, Newsletter,<br>Cookies). Die Nichtbereitstellung der Daten kann unterschiedliche Folgen haben.<br>3.3. Wir verarbeiten Ihre personenbezogenen Daten, soweit erforderlich, f\u00fcr die Dauer des<br>Auftragsverh\u00e4ltnisses (von der Anbahnung, Abwicklung bis zur Beendigung eines Vertrags) sowie<br>dar\u00fcber hinaus gem\u00e4\u00df den gesetzlichen Aufbewahrungs- und Dokumentationspflichten, die sich u.a. aus<br>dem Unternehmensgesetzbuch (UGB), der Bundesabgabenordnung (BAO) ergeben sowie bis zur<br>Beendigung eines allf\u00e4lligen Rechtsstreits, fortlaufender Gew\u00e4hrleistungs- und Garantiefristen usw.<br>3.4. Auf unserer Website werden KEINE personenbezogene Daten ermittelt. 5. Newsletter\/SMS<br>Versand und Whats App-Gruppen<br>5.1. Sie k\u00f6nnen sich per Mail an office@schuhkastl.at f\u00fcr unseren Newsletter anmelden, dies erfolgt<br>im DoubleOpt-In-Verfahren. Sie erhalten nach der Anmeldung eine E-Mail, in der Sie um die<br>Best\u00e4tigung Ihrer Anmeldung ersucht werden. Ohne die Bekanntgabe dieser Daten ist die \u00dcbermittlung<br>unseres Newsletters nicht m\u00f6glich. Sie k\u00f6nnen sich vom Newsletter abmelden, indem Sie dies per Mail<br>an office@schuhkastl.at bekanntgeben.<br>5.2. Die Datenverarbeitung erfolgt auf Basis der gesetzlichen Bestimmungen des \u00a7 96 Abs 3 TKG sowie<br>des Art 6 Abs 1 lit a (Einwilligung) DSGVO.<\/li>\n\n\n\n<li>Onlineshop: nicht aktiv<\/li>\n\n\n\n<li>Cookies, andere Tracking Tools sowie Web-Analyse [bei Verwendung von WebAnalyse Tools wie<br>Google Analytics, eTracker etc]<br>7.1. Wir verwenden KEINE Cookies und andere Tracking-Technologien!<\/li>\n\n\n\n<li>Einwilligung und Recht auf Widerruf<br>8.1. Ist f\u00fcr die Verarbeitung Ihrer Daten Ihre Zustimmung notwendig, verarbeiten wir diese erst nach<\/li>\n\n\n\n<li>Ihrer ausdr\u00fccklichen Zustimmung.<\/li>\n\n\n\n<li>8.2. Grunds\u00e4tzlich verarbeiten wir keine Daten minderj\u00e4hriger Personen und sind dazu auch nicht<\/li>\n\n\n\n<li>befugt. Mit der Abgabe Ihrer Zustimmung best\u00e4tigen Sie, dass Sie das 14. Lebensjahr vollendet haben<\/li>\n\n\n\n<li>oder die Zustimmung Ihres gesetzlichen Vertreters vorliegt.<\/li>\n\n\n\n<li>8.3. Ihre Zustimmung k\u00f6nnen Sie jederzeit unter folgender E-Mail Adresse widerrufen:<\/li>\n\n\n\n<li>office@schuhkastl.at In einem solchen Fall werden die bisher \u00fcber Sie gespeicherten Daten<\/li>\n\n\n\n<li>anonymisiert und in weiterer Folge lediglich f\u00fcr statistische Zwecke ohne Personenbezug<\/li>\n\n\n\n<li>weiterverwendet. Mittels des Widerrufs der Zustimmung wird die Rechtm\u00e4\u00dfigkeit der aufgrund der<\/li>\n\n\n\n<li>Zustimmung bis zum Widerruf erfolgten Verarbeitung nicht ber\u00fchrt.<\/li>\n\n\n\n<li>Datensicherheit<br>9.1. Viktoria Kastner setzt technische und organisatorische Sicherheitsma\u00dfnahmen ein, um die<br>gespeicherten personenbezogenen Daten gegen zuf\u00e4llige oder vors\u00e4tzliche Manipulation, Verlust oder<br>Zerst\u00f6rung und gegen den Zugriff unberechtigter Personen zu sch\u00fctzen. Unsere<br>Sicherheitsma\u00dfnahmen werden entsprechend des technischen Fortschritts fortlaufend verbessert.<\/li>\n\n\n\n<li>Ihre Rechte<br>10.1. Sie haben jederzeit das Recht auf Auskunft seitens des Verantwortlichen Viktoria Kastner<br>(office@schuhkastl.at) \u00fcber die betreffenden personenbezogenen Daten. Soweit keine gesetzliche<br>Aufbewahrungspflicht besteht, haben Sie das Recht auf L\u00f6schung dieser Daten sowie Widerspruch<br>gegen die Verarbeitung. Ferner haben Sie das Recht auf Berichtigung der Daten sowie auf<br>Einschr\u00e4nkung der Verarbeitung, auf Daten\u00fcbertragbarkeit sowie auf Beschwerde bei der<br>\u00d6sterreichischen Datenschutzbeh\u00f6rde (Wickenburggasse 8-10, 1080 Wien, E-Mail: dsb@dsb.gv.at).<br>10.2. Wenden Sie sich bez\u00fcglich Ihrer Rechte bitte an uns unter office@machherndl.net oder schreiben<br>Sie an:<br>Viktoria Kastner, Hauptplatz 17, 3040 Neulengbach ATU81161056<\/li>\n<\/ol>\n\n\n\n<p><\/p>\n","protected":false},"excerpt":{"rendered":"","protected":false},"author":2,"featured_media":0,"parent":0,"menu_order":0,"comment_status":"closed","ping_status":"closed","template":"","meta":{"site-sidebar-layout":"default","site-content-layout":"","ast-site-content-layout":"default","site-content-style":"default","site-sidebar-style":"default","ast-global-header-display":"","ast-banner-title-visibility":"","ast-main-header-display":"","ast-hfb-above-header-display":"","ast-hfb-below-header-display":"","ast-hfb-mobile-header-display":"","site-post-title":"","ast-breadcrumbs-content":"","ast-featured-img":"","footer-sml-layout":"","ast-disable-related-posts":"","theme-transparent-header-meta":"","adv-header-id-meta":"","stick-header-meta":"","header-above-stick-meta":"","header-main-stick-meta":"","header-below-stick-meta":"","astra-migrate-meta-layouts":"default","ast-page-background-enabled":"default","ast-page-background-meta":{"desktop":{"background-color":"var(--ast-global-color-5)","background-image":"","background-repeat":"repeat","background-position":"center center","background-size":"auto","background-attachment":"scroll","background-type":"","background-media":"","overlay-type":"","overlay-color":"","overlay-opacity":"","overlay-gradient":""},"tablet":{"background-color":"","background-image":"","background-repeat":"repeat","background-position":"center center","background-size":"auto","background-attachment":"scroll","background-type":"","background-media":"","overlay-type":"","overlay-color":"","overlay-opacity":"","overlay-gradient":""},"mobile":{"background-color":"","background-image":"","background-repeat":"repeat","background-position":"center center","background-size":"auto","background-attachment":"scroll","background-type":"","background-media":"","overlay-type":"","overlay-color":"","overlay-opacity":"","overlay-gradient":""}},"ast-content-background-meta":{"desktop":{"background-color":"var(--ast-global-color-4)","background-image":"","background-repeat":"repeat","background-position":"center center","background-size":"auto","background-attachment":"scroll","background-type":"","background-media":"","overlay-type":"","overlay-color":"","overlay-opacity":"","overlay-gradient":""},"tablet":{"background-color":"var(--ast-global-color-4)","background-image":"","background-repeat":"repeat","background-position":"center center","background-size":"auto","background-attachment":"scroll","background-type":"","background-media":"","overlay-type":"","overlay-color":"","overlay-opacity":"","overlay-gradient":""},"mobile":{"background-color":"var(--ast-global-color-4)","background-image":"","background-repeat":"repeat","background-position":"center center","background-size":"auto","background-attachment":"scroll","background-type":"","background-media":"","overlay-type":"","overlay-color":"","overlay-opacity":"","overlay-gradient":""}},"pgc_sgb_lightbox_settings":"","footnotes":""},"class_list":["post-6","page","type-page","status-publish","hentry"],"_links":{"self":[{"href":"https:\/\/schuhkastl.at\/index.php?rest_route=\/wp\/v2\/pages\/6","targetHints":{"allow":["GET"]}}],"collection":[{"href":"https:\/\/schuhkastl.at\/index.php?rest_route=\/wp\/v2\/pages"}],"about":[{"href":"https:\/\/schuhkastl.at\/index.php?rest_route=\/wp\/v2\/types\/page"}],"author":[{"embeddable":true,"href":"https:\/\/schuhkastl.at\/index.php?rest_route=\/wp\/v2\/users\/2"}],"replies":[{"embeddable":true,"href":"https:\/\/schuhkastl.at\/index.php?rest_route=%2Fwp%2Fv2%2Fcomments&post=6"}],"version-history":[{"count":3,"href":"https:\/\/schuhkastl.at\/index.php?rest_route=\/wp\/v2\/pages\/6\/revisions"}],"predecessor-version":[{"id":11,"href":"https:\/\/schuhkastl.at\/index.php?rest_route=\/wp\/v2\/pages\/6\/revisions\/11"}],"wp:attachment":[{"href":"https:\/\/schuhkastl.at\/index.php?rest_route=%2Fwp%2Fv2%2Fmedia&parent=6"}],"curies":[{"name":"wp","href":"https:\/\/api.w.org\/{rel}","templated":true}]}}